{"id":5,"date":"2014-11-11T11:09:47","date_gmt":"2014-11-11T11:09:47","guid":{"rendered":"http:\/\/anpsthemes.com\/constructo\/?page_id=5"},"modified":"2015-11-05T16:41:45","modified_gmt":"2015-11-05T15:41:45","slug":"home","status":"publish","type":"page","link":"https:\/\/gpp-bau.de\/en\/","title":{"rendered":"Home"},"content":{"rendered":"<p>[vc_row full_width=&#8221;&#8221; parallax=&#8221;&#8221; parallax_image=&#8221;&#8221; has_content=&#8221;true&#8221; css=&#8221;.vc_custom_1415730213479{margin-top: -60px !important;}&#8221;][vc_column width=&#8221;1\/1&#8243;][rev_slider_vc alias=&#8221;main-slider&#8221;][\/vc_column][\/vc_row][vc_row has_content=&#8221;inside&#8221; css=&#8221;.vc_custom_1432495864202{margin-top: -35px !important;margin-bottom: 50px !important;padding-top: 35px !important;padding-bottom: 35px !important;background-color: #1e73be !important;}&#8221;][vc_column width=&#8221;2\/3&#8243;][vc_column_text css=&#8221;.vc_custom_1432495842366{margin-top: -10px !important;}&#8221;]<\/p>\n<h3><strong><span style=\"color: #ffffff;\">GPP &#8211; Garantiert, Professionell, P\u00fcnktlich\u00a0<\/span><\/strong><\/h3>\n<p>[\/vc_column_text][\/vc_column][vc_column width=&#8221;1\/3&#8243;]<a target=\"_self\" href=\"\/referenzen\" class=\"btn btn-md style-1\" id=\"custom-id-1\" style=\"background-color: #de543e;\">Zu unseren Projekten<\/a>[\/vc_column][\/vc_row][vc_row full_width=&#8221;&#8221; parallax=&#8221;&#8221; parallax_image=&#8221;&#8221; has_content=&#8221;true&#8221;][vc_column width=&#8221;1\/3&#8243;][vc_row_inner has_content=&#8221;true&#8221;][vc_column_inner el_class=&#8221;&#8221; width=&#8221;1\/2&#8243;][vc_single_image image=&#8221;1002&#8243; border_color=&#8221;grey&#8221; img_link_large=&#8221;&#8221; img_link_target=&#8221;_self&#8221; img_size=&#8221;full&#8221;][\/vc_column_inner][vc_column_inner el_class=&#8221;&#8221; width=&#8221;1\/2&#8243;][vc_single_image image=&#8221;1004&#8243; border_color=&#8221;grey&#8221; img_link_large=&#8221;&#8221; img_link_target=&#8221;_self&#8221; img_size=&#8221;full&#8221;][\/vc_column_inner][\/vc_row_inner]<h5 class='style-3 ' ><span>IHR PROJEKT UNSER ZIEL<\/span><\/h5>[vc_column_text css_animation=&#8221;&#8221;]Garantiert[\/vc_column_text][vc_empty_space height=&#8221;20px&#8221;][vc_column_text css_animation=&#8221;&#8221;]Die GPP ist ein modern aufgestelltes Dienstleistungsunternehmen, das komplexe Leistungen in allen Bereichen des Hoch- und Ingenieurbaus erbringt.[\/vc_column_text][\/vc_column][vc_column width=&#8221;1\/3&#8243;][vc_row_inner has_content=&#8221;true&#8221;][vc_column_inner el_class=&#8221;&#8221; width=&#8221;1\/2&#8243;][vc_single_image image=&#8221;1006&#8243; border_color=&#8221;grey&#8221; img_link_large=&#8221;&#8221; img_link_target=&#8221;_self&#8221; img_size=&#8221;full&#8221;][\/vc_column_inner][vc_column_inner el_class=&#8221;&#8221; width=&#8221;1\/2&#8243;][vc_single_image image=&#8221;1008&#8243; border_color=&#8221;grey&#8221; img_link_large=&#8221;&#8221; img_link_target=&#8221;_self&#8221; img_size=&#8221;full&#8221;][\/vc_column_inner][\/vc_row_inner]<h5 class='style-3 ' ><span>IMMER DER RICHTIGE PARTNER<\/span><\/h5>[vc_column_text css_animation=&#8221;&#8221;]Professionell[\/vc_column_text][vc_empty_space height=&#8221;20px&#8221;][vc_column_text css_animation=&#8221;&#8221;]Das Leistungsportfolio der GPP erstreckt sich im Kern \u00fcber die konstruktive Ausf\u00fchrung jeglicher Rohbauarbeitenim innerdeutschen Raum.[\/vc_column_text][\/vc_column][vc_column width=&#8221;1\/3&#8243;][vc_single_image image=&#8221;1012&#8243; border_color=&#8221;grey&#8221; img_link_large=&#8221;&#8221; img_link_target=&#8221;_self&#8221; img_size=&#8221;full&#8221;]<h5 class='style-3 ' ><span>ZIELORIENTIERTES BAUEN<\/span><\/h5>[vc_column_text css_animation=&#8221;&#8221;]P\u00fcnktlich[\/vc_column_text][vc_empty_space height=&#8221;20px&#8221;][vc_column_text css_animation=&#8221;&#8221;]Die W\u00fcnsche unserer Kunden bestm\u00f6glich und mit h\u00f6chster Qualit\u00e4t zu realisieren, daf\u00fcr treten wir jeden Tag aufs Neue an.[\/vc_column_text][\/vc_column][\/vc_row][vc_row has_content=&#8221;false&#8221; css=&#8221;.vc_custom_1432497042983{margin-top: 50px !important;padding-top: 30px !important;padding-bottom: 50px !important;background-color: #1279ba !important;}&#8221;][vc_column width=&#8221;1\/1&#8243;][vc_column_text css_animation=&#8221;&#8221;]<\/p>\n<h3 style=\"text-align: center;\"><span style=\"color: #ffffff;\">Unsere Projekte<\/span><\/h3>\n<p>[\/vc_column_text][vc_empty_space height=&#8221;30px&#8221;]<ul class='recentportfolio clearfix'><li class='item item-type-line col-xs-6'><a class='item-hover' href=https:\/\/gpp-bau.de\/en\/portfolio\/umbau-sanierungsmassnahme-essen\/><div class='mask'><\/div><div class='item-info'><div class='headline'><h2>Umbau-\/Sanierung, Essen<\/h2><\/div><\/div><\/a><div class='item-img'><img width=\"360\" height=\"267\" src=\"https:\/\/gpp-bau.de\/wp-content\/uploads\/2015\/05\/keinBildverfuegbar-360x267.jpg\" class=\"attachment-post-thumb size-post-thumb wp-post-image\" alt=\"\" loading=\"lazy\" \/><\/div><\/li><li class='item item-type-line col-xs-6'><a class='item-hover' href=https:\/\/gpp-bau.de\/en\/portfolio\/anbau-an-bestehendes-haus-oberhausen-sterkrade\/><div class='mask'><\/div><div class='item-info'><div class='headline'><h2>Anbau an bestehendes Haus, Oberhausen-Sterkrade<\/h2><\/div><\/div><\/a><div class='item-img'><img width=\"360\" height=\"267\" src=\"https:\/\/gpp-bau.de\/wp-content\/uploads\/2015\/05\/053-360x267.jpg\" class=\"attachment-post-thumb size-post-thumb wp-post-image\" alt=\"\" loading=\"lazy\" \/><\/div><\/li><li class='item item-type-line col-xs-6'><a class='item-hover' href=https:\/\/gpp-bau.de\/en\/portfolio\/anbau-an-bestehendes-haus\/><div class='mask'><\/div><div class='item-info'><div class='headline'><h2>Anbau an bestehendes Haus, Heiligenhaus<\/h2><\/div><\/div><\/a><div class='item-img'><img width=\"360\" height=\"267\" src=\"https:\/\/gpp-bau.de\/wp-content\/uploads\/2015\/05\/keinBildverfuegbar-360x267.jpg\" class=\"attachment-post-thumb size-post-thumb wp-post-image\" alt=\"\" loading=\"lazy\" \/><\/div><\/li><li class='item item-type-line col-xs-6'><a class='item-hover' href=https:\/\/gpp-bau.de\/en\/portfolio\/bv-einfamilienhaus\/><div class='mask'><\/div><div class='item-info'><div class='headline'><h2>Einfamilienhaus, Duisburg-Huckingen<\/h2><\/div><\/div><\/a><div class='item-img'><img width=\"360\" height=\"267\" src=\"https:\/\/gpp-bau.de\/wp-content\/uploads\/2015\/05\/015-360x267.jpg\" class=\"attachment-post-thumb size-post-thumb wp-post-image\" alt=\"\" loading=\"lazy\" \/><\/div><\/li><li class='item item-type-line col-xs-6'><a class='item-hover' href=https:\/\/gpp-bau.de\/en\/portfolio\/bv-aquis-villa\/><div class='mask'><\/div><div class='item-info'><div class='headline'><h2>Aquis Villa, Aachen<\/h2><\/div><\/div><\/a><div class='item-img'><img width=\"360\" height=\"267\" src=\"https:\/\/gpp-bau.de\/wp-content\/uploads\/2015\/05\/headimage-360x267.jpg\" class=\"attachment-post-thumb size-post-thumb wp-post-image\" alt=\"\" loading=\"lazy\" \/><\/div><\/li><\/ul>[\/vc_column][\/vc_row][vc_row full_width=&#8221;&#8221; parallax=&#8221;&#8221; parallax_image=&#8221;&#8221; has_content=&#8221;true&#8221; css=&#8221;.vc_custom_1418034361637{padding-top: 60px !important;}&#8221;][vc_column width=&#8221;2\/3&#8243;][vc_tabs interval=&#8221;0&#8243; type=&#8221;vertical&#8221;][vc_tab icon=&#8221;&#8221; title=&#8221;Construction&#8221; tab_id=&#8221;1418033424-1-76&#8243;]<h2 class='' ><span>WHAT WE OFFER<\/span><\/h2>[vc_empty_space height=&#8221;7px&#8221;]<ul class='list '><li>Wooden houses<\/li><li>Brick construction<\/li><li>Metal works<\/li><\/ul>[vc_empty_space height=&#8221;15px&#8221;][vc_column_text css_animation=&#8221;&#8221;]Lorem ipsum dolor sit amet, consectetur adipiscing elit. Quisque nec erat erat. Integer blandit, nulla quis fermentum hendrerit, nisi diam viverra metus, porta semper est ipsum et sapien.<\/p>\n<p>Suspendisse eget felis eget nulla placerat luctus id quis sapien. Sed metus felis, euismod et euismod et, feugiat viverra diam.felis tortor, euismod ac tortor ut. Quisque nec erat erat.[\/vc_column_text][\/vc_tab][vc_tab icon=&#8221;&#8221; title=&#8221;Renovations&#8221; tab_id=&#8221;1418034824951-1-1&#8243;]<h2 class='' ><span>WHAT WE OFFER<\/span><\/h2>[vc_empty_space height=&#8221;7px&#8221;]<ul class='list '><li>Wooden houses<\/li><li>Brick construction<\/li><li>Metal works<\/li><\/ul>[vc_empty_space height=&#8221;15px&#8221;][vc_column_text css_animation=&#8221;&#8221;]Lorem ipsum dolor sit amet, consectetur adipiscing elit. Quisque nec erat erat. Integer blandit, nulla quis fermentum hendrerit, nisi diam viverra metus, porta semper est ipsum et sapien. Suspendisse eget felis eget nulla placerat luctus id quis sapien. Sed metus felis, euismod et euismod et, feugiat viverra diam.felis tortor, euismod ac tortor ut. Quisque nec erat erat.Lorem ipsum dolor sit amet, consectetur adipiscing elit. Quisque nec erat erat. Integer blandit.[\/vc_column_text][\/vc_tab][vc_tab icon=&#8221;&#8221; title=&#8221;Consulting&#8221; tab_id=&#8221;1418034828277-2-8&#8243;]<h2 class='' ><span>WHAT WE OFFER<\/span><\/h2>[vc_empty_space height=&#8221;7px&#8221;]<ul class='list '><li>Wooden houses<\/li><li>Brick construction<\/li><li>Metal works<\/li><\/ul>[vc_empty_space height=&#8221;15px&#8221;][vc_column_text css_animation=&#8221;&#8221;]Lorem ipsum dolor sit amet, consectetur adipiscing elit. Quisque nec erat erat. Integer blandit, nulla quis fermentum hendrerit, nisi diam viverra metus, porta semper est ipsum et sapien. Suspendisse eget felis eget nulla placerat luctus id quis sapien. Sed metus felis, euismod et euismod et, feugiat viverra diam.felis tortor, euismod ac tortor ut. Quisque nec erat erat.Lorem ipsum dolor sit amet, consectetur adipiscing elit. Quisque nec erat erat. Integer blandit.[\/vc_column_text][\/vc_tab][vc_tab icon=&#8221;&#8221; title=&#8221;Contractor&#8221; tab_id=&#8221;1418034831394-3-2&#8243;]<h2 class='' ><span>WHAT WE OFFER<\/span><\/h2>[vc_empty_space height=&#8221;7px&#8221;]<ul class='list '><li>Wooden houses<\/li><li>Brick construction<\/li><li>Metal works<\/li><\/ul>[vc_empty_space height=&#8221;15px&#8221;][vc_column_text css_animation=&#8221;&#8221;]Lorem ipsum dolor sit amet, consectetur adipiscing elit. Quisque nec erat erat. Integer blandit, nulla quis fermentum hendrerit, nisi diam viverra metus, porta semper est ipsum et sapien. Suspendisse eget felis eget nulla placerat luctus id quis sapien. Sed metus felis, euismod et euismod et, feugiat viverra diam.felis tortor, euismod ac tortor ut. Quisque nec erat erat.Lorem ipsum dolor sit amet, consectetur adipiscing elit. Quisque nec erat erat. Integer blandit.[\/vc_column_text][\/vc_tab][vc_tab icon=&#8221;&#8221; title=&#8221;Architecture&#8221; tab_id=&#8221;1418034835334-4-3&#8243;]<h2 class='' ><span>WHAT WE OFFER<\/span><\/h2>[vc_empty_space height=&#8221;7px&#8221;]<ul class='list '><li>Wooden houses<\/li><li>Brick construction<\/li><li>Metal works<\/li><\/ul>[vc_empty_space height=&#8221;15px&#8221;][vc_column_text css_animation=&#8221;&#8221;]Lorem ipsum dolor sit amet, consectetur adipiscing elit. Quisque nec erat erat. Integer blandit, nulla quis fermentum hendrerit, nisi diam viverra metus, porta semper est ipsum et sapien. Suspendisse eget felis eget nulla placerat luctus id quis sapien. Sed metus felis, euismod et euismod et, feugiat viverra diam.felis tortor, euismod ac tortor ut. Quisque nec erat erat.Lorem ipsum dolor sit amet, consectetur adipiscing elit. Quisque nec erat erat. Integer blandit.[\/vc_column_text][\/vc_tab][vc_tab icon=&#8221;&#8221; title=&#8221;Planning&#8221; tab_id=&#8221;1418034842964-5-1&#8243;]<h2 class='' ><span>WHAT WE OFFER<\/span><\/h2>[vc_empty_space height=&#8221;7px&#8221;]<ul class='list '><li>Wooden houses<\/li><li>Brick construction<\/li><li>Metal works<\/li><\/ul>[vc_empty_space height=&#8221;15px&#8221;][vc_column_text css_animation=&#8221;&#8221;]Lorem ipsum dolor sit amet, consectetur adipiscing elit. Quisque nec erat erat. Integer blandit, nulla quis fermentum hendrerit, nisi diam viverra metus, porta semper est ipsum et sapien. Suspendisse eget felis eget nulla placerat luctus id quis sapien. Sed metus felis, euismod et euismod et, feugiat viverra diam.felis tortor, euismod ac tortor ut. Quisque nec erat erat.Lorem ipsum dolor sit amet, consectetur adipiscing elit. Quisque nec erat erat. Integer blandit.[\/vc_column_text][\/vc_tab][\/vc_tabs][\/vc_column][vc_column width=&#8221;1\/3&#8243;][vc_single_image image=&#8221;937&#8243; alignment=&#8221;&#8221; style=&#8221;&#8221; border_color=&#8221;grey&#8221; img_link_large=&#8221;&#8221; img_link_target=&#8221;_self&#8221; css_animation=&#8221;&#8221; img_size=&#8221;full&#8221;][vc_column_text css_animation=&#8221;&#8221; css=&#8221;.vc_custom_1432488464141{margin-bottom: 20px !important;}&#8221;]<\/p>\n<h4>JETZT TERMIN VEREINBAREN<\/h4>\n<p>Sie haben bereits eine Vision zu Ihrem Projekt? Lassen Sie es uns wissen und vereinbaren Sie jetzt einen Termin f\u00fcr eine kostenlose Beratung. Wir m\u00f6chten Ihnen helfen Ihr Projekt auf den Weg zu bringen.[\/vc_column_text][vc_btn title=&#8221;Jetzt Kontakt aufnehmen&#8221; style=&#8221;flat&#8221; shape=&#8221;rounded&#8221; color=&#8221;primary&#8221; size=&#8221;md&#8221; align=&#8221;inline&#8221; i_align=&#8221;left&#8221; i_type=&#8221;fontawesome&#8221; i_icon_fontawesome=&#8221;fa fa-pencil-square-o&#8221; i_icon_openiconic=&#8221;vc-oi vc-oi-dial&#8221; i_icon_typicons=&#8221;typcn typcn-adjust-brightness&#8221; i_icon_entypo=&#8221;entypo-icon entypo-icon-note&#8221; i_icon_linecons=&#8221;vc_li vc_li-heart&#8221; css_animation=&#8221;&#8221; button_block=&#8221;&#8221; add_icon=&#8221;true&#8221; i_icon_pixelicons=&#8221;vc_pixel_icon vc_pixel_icon-alert&#8221;][\/vc_column][\/vc_row][vc_row full_width=&#8221;&#8221; parallax=&#8221;&#8221; parallax_image=&#8221;&#8221; has_content=&#8221;false&#8221; el_class=&#8221;text-center&#8221; css=&#8221;.vc_custom_1416838757982{margin-top: 60px !important;}&#8221;][vc_column width=&#8221;1\/1&#8243;]<section id='constructionsite' class=\"statement parallax\" style=\"background-image: url('https:\/\/gpp-bau.de\/wp-content\/uploads\/2014\/11\/paralax_background.jpg');\">[vc_column_text css_animation=&#8221;&#8221;]<\/p>\n<h1 style=\"text-align: center;\"><span style=\"color: #ffffff;\">MIT UNS ZUM ERFOLG<\/span><\/h1>\n<p>[\/vc_column_text]<a target=\"_self\" href=\"\/kontakt\" class=\"btn btn-md style-1\" id=\"custom-id-2\" style=\"\">Kontakt<\/a><\/section>[\/vc_column][\/vc_row][vc_row full_width=&#8221;&#8221; parallax=&#8221;&#8221; parallax_image=&#8221;&#8221; has_content=&#8221;true&#8221; css=&#8221;.vc_custom_1418039236500{padding-top: 50px !important;}&#8221;][vc_column width=&#8221;1\/1&#8243;]<h3 class='heading ' ><span>Einige unserer Kunden, die uns vertrauen<\/span><\/h3>[vc_empty_space height=&#8221;32px&#8221;]<ul class='logos'><li><a href='#' target='_blank'><img src='https:\/\/gpp-bau.de\/wp-content\/uploads\/2014\/11\/buildproplus.png' alt='buildproplus'><span class='hover'><img src='https:\/\/gpp-bau.de\/wp-content\/uploads\/2014\/11\/buildproplus_full.png' alt=''><\/span><\/a><\/li><li><a href='#' target='_blank'><img src='https:\/\/gpp-bau.de\/wp-content\/uploads\/2014\/11\/constructis.png' alt=''><span class='hover'><img src='https:\/\/gpp-bau.de\/wp-content\/uploads\/2014\/11\/constructis1.png' alt=''><\/span><\/a><\/li><li><a href='#' target='_blank'><img src='https:\/\/gpp-bau.de\/wp-content\/uploads\/2014\/11\/giantbuild.png' alt=''><span class='hover'><img src='https:\/\/gpp-bau.de\/wp-content\/uploads\/2014\/11\/giantbuild_full.png' alt=''><\/span><\/a><\/li><li><a href='#' target='_blank'><img src='https:\/\/gpp-bau.de\/wp-content\/uploads\/2014\/11\/outbox.png' alt=''><span class='hover'><img src='https:\/\/gpp-bau.de\/wp-content\/uploads\/2014\/11\/outbox_full.png' alt=''><\/span><\/a><\/li><li><a href='#' target='_blank'><img src='https:\/\/gpp-bau.de\/wp-content\/uploads\/2014\/11\/stormcoll.png' alt=''><span class='hover'><img src='https:\/\/gpp-bau.de\/wp-content\/uploads\/2014\/11\/stormcoll_full.png' alt=''><\/span><\/a><\/li><\/ul>[\/vc_column][\/vc_row]<\/p>","protected":false},"excerpt":{"rendered":"<p>[vc_row full_width=&#8221;&#8221; parallax=&#8221;&#8221; parallax_image=&#8221;&#8221; has_content=&#8221;true&#8221; css=&#8221;.vc_custom_1415730213479{margin-top: -60px !important;}&#8221;][vc_column width=&#8221;1\/1&#8243;][rev_slider_vc alias=&#8221;main-slider&#8221;][\/vc_column][\/vc_row][vc_row has_content=&#8221;inside&#8221; css=&#8221;.vc_custom_1432495864202{margin-top: -35px !important;margin-bottom: 50px !important;padding-top: 35px !important;padding-bottom: 35px !important;background-color: #1e73be !important;}&#8221;][vc_column width=&#8221;2\/3&#8243;][vc_column_text css=&#8221;.vc_custom_1432495842366{margin-top: -10px !important;}&#8221;] GPP &#8211; Garantiert, Professionell, P\u00fcnktlich\u00a0 [\/vc_column_text][\/vc_column][vc_column width=&#8221;1\/3&#8243;][\/vc_column][\/vc_row][vc_row full_width=&#8221;&#8221; parallax=&#8221;&#8221; parallax_image=&#8221;&#8221; has_content=&#8221;true&#8221;][vc_column width=&#8221;1\/3&#8243;][vc_row_inner has_content=&#8221;true&#8221;][vc_column_inner el_class=&#8221;&#8221;&#8230;<\/p>\n","protected":false},"author":3,"featured_media":0,"parent":0,"menu_order":0,"comment_status":"open","ping_status":"open","template":"","meta":[],"_links":{"self":[{"href":"https:\/\/gpp-bau.de\/en\/wp-json\/wp\/v2\/pages\/5"}],"collection":[{"href":"https:\/\/gpp-bau.de\/en\/wp-json\/wp\/v2\/pages"}],"about":[{"href":"https:\/\/gpp-bau.de\/en\/wp-json\/wp\/v2\/types\/page"}],"author":[{"embeddable":true,"href":"https:\/\/gpp-bau.de\/en\/wp-json\/wp\/v2\/users\/3"}],"replies":[{"embeddable":true,"href":"https:\/\/gpp-bau.de\/en\/wp-json\/wp\/v2\/comments?post=5"}],"version-history":[{"count":55,"href":"https:\/\/gpp-bau.de\/en\/wp-json\/wp\/v2\/pages\/5\/revisions"}],"predecessor-version":[{"id":1310,"href":"https:\/\/gpp-bau.de\/en\/wp-json\/wp\/v2\/pages\/5\/revisions\/1310"}],"wp:attachment":[{"href":"https:\/\/gpp-bau.de\/en\/wp-json\/wp\/v2\/media?parent=5"}],"curies":[{"name":"wp","href":"https:\/\/api.w.org\/{rel}","templated":true}]}}