{"id":643,"date":"2015-05-14T16:41:55","date_gmt":"2015-05-14T14:41:55","guid":{"rendered":"https:\/\/gpp-bau.de\/?page_id=643"},"modified":"2021-10-05T19:27:18","modified_gmt":"2021-10-05T17:27:18","slug":"leistungen","status":"publish","type":"page","link":"https:\/\/gpp-bau.de\/en\/leistungen\/","title":{"rendered":"Services"},"content":{"rendered":"<p>[vc_row][vc_column][vc_custom_heading text=&#8221;Leistungen&#8221; google_fonts=&#8221;font_family:Titillium%20Web%3A200%2C200italic%2C300%2C300italic%2Cregular%2Citalic%2C600%2C600italic%2C700%2C700italic%2C900|font_style:400%20regular%3A400%3Anormal&#8221;][vc_single_image image=&#8221;943&#8243; img_size=&#8221;full&#8221; alignment=&#8221;&#8221; css=&#8221;.vc_custom_1432476999106{margin-top: 20px !important;margin-bottom: 20px !important;}&#8221;][vc_column_text]<\/p>\n<div class=\"row\">\n<div class=\"wpb_column col-md-12\">\n<div class=\"text\">\n<p>GPP ist spezialisiert auf Ausf\u00fchrungsarbeiten im Rohbau des <a href=\"https:\/\/gpp-bau.de\/leistungen\/hochbau\/\">Hochbaus\u00a0<\/a>in seiner vielf\u00e4ltigsten Art, sei es in der reinen Lohnleistung oder auch Komplettleistung. Breites Fachwissen, gepaart mit h\u00f6chster <a href=\"https:\/\/gpp-bau.de\/qualitaetssicherung\/qualitaet-sicherheit\/\">Qualit\u00e4t <\/a>und P\u00fcnktlichkeit machen uns zum zuverl\u00e4ssigen Partner im Bausegment.<\/p>\n<p>&nbsp;<\/p><\/div>\n<\/div>\n<\/div>\n<div class=\"row\">\n<div class=\"wpb_column col-md-12\">\n<div class=\"text\">\n<p>Die Kernkompetenzen unseres Angebotsportfolios liegen im:<\/p>\n<ul>\n<li><a href=\"https:\/\/gpp-bau.de\/leistungen\/hochbau\/\">Hochbau<\/a>\/Tiefbau\n<ul>\n<li><a href=\"https:\/\/gpp-bau.de\/leistungen\/ingenieurbau\/\">Ingenieurbau<\/a><\/li>\n<li><a href=\"https:\/\/gpp-bau.de\/leistungen\/industriebau\/\">Industriebau<\/a><\/li>\n<li><a href=\"https:\/\/gpp-bau.de\/leistungen\/brueckenbau\/\">Br\u00fcckenbau<\/a><\/li>\n<li><a href=\"https:\/\/gpp-bau.de\/leistungen\/kraftwerksbau\/\">Kraftwerksbau<\/a><\/li>\n<li><a href=\"https:\/\/gpp-bau.de\/leistungen\/wasserbau\/\">Wasserbau<\/a><\/li>\n<li><a href=\"https:\/\/gpp-bau.de\/leistungen\/schleusenbau\/\">Schleusenbau<\/a><\/li>\n<li>Umbau, Sanierungsbau sowie Bauten im Bestand<\/li>\n<li style=\"list-style-type: none;\">Unser Leistungsspektrum umfasst alle Arten der Ausf\u00fchrung des Rohbaus:\n<ul>\n<li><a href=\"https:\/\/gpp-bau.de\/leistungen\/schalungsarbeiten\/\">Schalungsarbeiten <\/a>(konventionell oder System wie Rahmenschalung, Kletterschalung etc.)<\/li>\n<li><a href=\"https:\/\/gpp-bau.de\/leistungen\/betonarbeiten\/\">Betonarbeiten <\/a>(alle m\u00f6glichen Sichtbetonklassen)<\/li>\n<li><a href=\"https:\/\/gpp-bau.de\/leistungen\/maurerarbeiten\/\">Maurerarbeiten <\/a>(alle m\u00f6glichen Formate)<\/li>\n<li>Montagearbeiten (Halbfertigteile, Fertigteile)<\/li>\n<li>Bewehrungsarbeiten (alle Stab- und Mattenst\u00e4rken)<\/li>\n<li>Maschinen- und Ger\u00e4tebedienung (Kran- und Baumaschinen)<\/li>\n<\/ul>\n<\/li>\n<\/ul>\n<\/li>\n<\/ul>\n<\/div>\n<\/div>\n<\/div>\n<div class=\"row\"><\/div>\n<div class=\"row\">\n<div class=\"wpb_column col-md-12\">\n<div class=\"text\">Unsere <a href=\"https:\/\/gpp-bau.de\/leistungen\/\">Leistungen<\/a> bieten wir sowohl regional als auch deutschlandweit an.<\/div>\n<div class=\"text\">Dabei handeln wir stets nach individuellem <a href=\"https:\/\/gpp-bau.de\/referenz\/\">Kundenauftrag <\/a>\u2013 flexibel, zielorientiert und wirtschaftlich.<\/div>\n<div class=\"text\"><a href=\"https:\/\/gpp-bau.de\/kontakt\/\">Sprechen Sie uns gerne unverbindlich an<\/a>.<\/div>\n<\/div>\n<\/div>\n<p>[\/vc_column_text][\/vc_column][\/vc_row][vc_row][vc_column][vc_empty_space]<a target=\"_self\" href=\"\/kontakt\" class=\"btn btn-md style-1\" id=\"custom-id-0\" style=\"\"><span class='fa fa-envelope'><\/span>Kontakt<\/a>[\/vc_column][\/vc_row]<\/p>\n","protected":false},"excerpt":{"rendered":"<p>[vc_row][vc_column][vc_custom_heading text=&#8221;Leistungen&#8221; google_fonts=&#8221;font_family:Titillium%20Web%3A200%2C200italic%2C300%2C300italic%2Cregular%2Citalic%2C600%2C600italic%2C700%2C700italic%2C900|font_style:400%20regular%3A400%3Anormal&#8221;][vc_single_image image=&#8221;943&#8243; img_size=&#8221;full&#8221; alignment=&#8221;&#8221; css=&#8221;.vc_custom_1432476999106{margin-top: 20px !important;margin-bottom: 20px !important;}&#8221;][vc_column_text] GPP ist spezialisiert auf Ausf\u00fchrungsarbeiten im Rohbau des Hochbaus\u00a0in seiner vielf\u00e4ltigsten Art, sei es in der reinen Lohnleistung oder auch Komplettleistung. Breites Fachwissen, gepaart mit h\u00f6chster Qualit\u00e4t und P\u00fcnktlichkeit&#8230;<\/p>\n","protected":false},"author":2,"featured_media":0,"parent":0,"menu_order":0,"comment_status":"open","ping_status":"open","template":"","meta":[],"_links":{"self":[{"href":"https:\/\/gpp-bau.de\/en\/wp-json\/wp\/v2\/pages\/643"}],"collection":[{"href":"https:\/\/gpp-bau.de\/en\/wp-json\/wp\/v2\/pages"}],"about":[{"href":"https:\/\/gpp-bau.de\/en\/wp-json\/wp\/v2\/types\/page"}],"author":[{"embeddable":true,"href":"https:\/\/gpp-bau.de\/en\/wp-json\/wp\/v2\/users\/2"}],"replies":[{"embeddable":true,"href":"https:\/\/gpp-bau.de\/en\/wp-json\/wp\/v2\/comments?post=643"}],"version-history":[{"count":17,"href":"https:\/\/gpp-bau.de\/en\/wp-json\/wp\/v2\/pages\/643\/revisions"}],"predecessor-version":[{"id":5314,"href":"https:\/\/gpp-bau.de\/en\/wp-json\/wp\/v2\/pages\/643\/revisions\/5314"}],"wp:attachment":[{"href":"https:\/\/gpp-bau.de\/en\/wp-json\/wp\/v2\/media?parent=643"}],"curies":[{"name":"wp","href":"https:\/\/api.w.org\/{rel}","templated":true}]}}